{"id":261886,"date":"2024-01-10T18:00:55","date_gmt":"2024-01-10T17:00:55","guid":{"rendered":"https:\/\/adnjtv.com\/?page_id=261886"},"modified":"2024-03-13T11:20:08","modified_gmt":"2024-03-13T10:20:08","slug":"dashboard-news","status":"publish","type":"page","link":"https:\/\/adnjtv.com\/en\/account\/dashboard-news\/","title":{"rendered":"All news"},"content":{"rendered":"\t\t<div data-elementor-type=\"wp-page\" data-elementor-id=\"261886\" class=\"elementor elementor-261886 elementor-261750\" data-elementor-post-type=\"page\">\n\t\t\t\t<div class=\"elementor-element elementor-element-4b05b1 e-flex e-con-boxed e-con e-parent\" data-id=\"4b05b1\" data-element_type=\"container\" data-e-type=\"container\" data-settings=\"{&quot;jet_parallax_layout_list&quot;:[]}\">\n\t\t\t\t\t<div class=\"e-con-inner\">\n\t\t<div class=\"elementor-element elementor-element-995c9f1 e-con-full e-flex e-con e-child\" data-id=\"995c9f1\" data-element_type=\"container\" data-e-type=\"container\" data-settings=\"{&quot;jet_parallax_layout_list&quot;:[]}\">\n\t\t\t\t<div class=\"elementor-element elementor-element-02d2c0b elementor-widget elementor-widget-template\" data-id=\"02d2c0b\" data-element_type=\"widget\" data-e-type=\"widget\" data-widget_type=\"template.default\">\n\t\t\t\t<div class=\"elementor-widget-container\">\n\t\t\t\t\t\t\t<div class=\"elementor-template\">\n\t\t\t\t\t<div data-elementor-type=\"container\" data-elementor-id=\"262074\" class=\"elementor elementor-262074\" data-elementor-post-type=\"elementor_library\">\n\t\t\t\t<div class=\"elementor-element elementor-element-7f9f4a0b e-con-full e-flex e-con e-child\" data-id=\"7f9f4a0b\" data-element_type=\"container\" data-e-type=\"container\" data-settings=\"{&quot;jet_parallax_layout_list&quot;:[]}\">\n\t\t\t\t<div class=\"elementor-element elementor-element-5189ba6b elementor-widget elementor-widget-author-box\" data-id=\"5189ba6b\" data-element_type=\"widget\" data-e-type=\"widget\" data-widget_type=\"author-box.default\">\n\t\t\t\t<div class=\"elementor-widget-container\">\n\t\t\t\t\t\t\t<div class=\"elementor-author-box\">\n\t\t\t\t\t\t\t<div  class=\"elementor-author-box__avatar\">\n\t\t\t\t\t<img decoding=\"async\" src=\"https:\/\/adnjtv.com\/wp-content\/uploads\/2024\/01\/Member-Guest-Icon-300x300.png\" alt=\"Author picture\" loading=\"lazy\">\n\t\t\t\t<\/div>\n\t\t\t\n\t\t\t<div class=\"elementor-author-box__text\">\n\t\t\t\t\n\t\t\t\t\n\t\t\t\t\t\t\t<\/div>\n\t\t<\/div>\n\t\t\t\t\t\t<\/div>\n\t\t\t\t<\/div>\n\t\t\t\t<div class=\"elementor-element elementor-element-701faa84 elementor-widget-divider--view-line elementor-widget elementor-widget-divider\" data-id=\"701faa84\" data-element_type=\"widget\" data-e-type=\"widget\" data-widget_type=\"divider.default\">\n\t\t\t\t<div class=\"elementor-widget-container\">\n\t\t\t\t\t\t\t<div class=\"elementor-divider\">\n\t\t\t<span class=\"elementor-divider-separator\">\n\t\t\t\t\t\t<\/span>\n\t\t<\/div>\n\t\t\t\t\t\t<\/div>\n\t\t\t\t<\/div>\n\t\t\t\t<div class=\"elementor-element elementor-element-19f6757b elementor-nav-menu--dropdown-none elementor-widget elementor-widget-nav-menu\" data-id=\"19f6757b\" data-element_type=\"widget\" data-e-type=\"widget\" data-settings=\"{&quot;layout&quot;:&quot;vertical&quot;,&quot;submenu_icon&quot;:{&quot;value&quot;:&quot;&lt;i class=\\&quot;fas fa-caret-down\\&quot; aria-hidden=\\&quot;true\\&quot;&gt;&lt;\\\/i&gt;&quot;,&quot;library&quot;:&quot;fa-solid&quot;}}\" data-widget_type=\"nav-menu.default\">\n\t\t\t\t<div class=\"elementor-widget-container\">\n\t\t\t\t\t\t\t\t<nav aria-label=\"Menu\" class=\"elementor-nav-menu--main elementor-nav-menu__container elementor-nav-menu--layout-vertical e--pointer-underline e--animation-fade\">\n\t\t\t\t<ul id=\"menu-1-19f6757b\" class=\"elementor-nav-menu sm-vertical\"><li class=\"menu-item menu-item-type-post_type menu-item-object-page menu-item-261892\"><a href=\"https:\/\/adnjtv.com\/en\/account\/\" class=\"elementor-item\">Dashboard<\/a><\/li>\n<li class=\"menu-item menu-item-type-post_type menu-item-object-page menu-item-261897\"><a href=\"https:\/\/adnjtv.com\/en\/account\/dashboard-news\/\" class=\"elementor-item\">All news<\/a><\/li>\n<li class=\"menu-item menu-item-type-post_type menu-item-object-page menu-item-282257\"><a href=\"https:\/\/adnjtv.com\/en\/account\/dashboard-see\/\" class=\"elementor-item\">Already seen<\/a><\/li>\n<li class=\"menu-item menu-item-type-post_type menu-item-object-page menu-item-282350\"><a href=\"https:\/\/adnjtv.com\/en\/account\/dashboard-favorite\/\" class=\"elementor-item\">My favorites list<\/a><\/li>\n<li class=\"menu-item menu-item-type-post_type menu-item-object-page menu-item-261894\"><a href=\"https:\/\/adnjtv.com\/en\/account\/dashboard-speakers\/\" class=\"elementor-item\">My speakers<\/a><\/li>\n<li class=\"menu-item menu-item-type-post_type menu-item-object-page menu-item-261893\"><a href=\"https:\/\/adnjtv.com\/en\/account\/dashboard-personal\/\" class=\"elementor-item\">My personal information<\/a><\/li>\n<\/ul>\t\t\t<\/nav>\n\t\t\t\t\t\t<nav class=\"elementor-nav-menu--dropdown elementor-nav-menu__container\" aria-hidden=\"true\">\n\t\t\t\t<ul id=\"menu-2-19f6757b\" class=\"elementor-nav-menu sm-vertical\"><li class=\"menu-item menu-item-type-post_type menu-item-object-page menu-item-261892\"><a href=\"https:\/\/adnjtv.com\/en\/account\/\" class=\"elementor-item\" tabindex=\"-1\">Dashboard<\/a><\/li>\n<li class=\"menu-item menu-item-type-post_type menu-item-object-page menu-item-261897\"><a href=\"https:\/\/adnjtv.com\/en\/account\/dashboard-news\/\" class=\"elementor-item\" tabindex=\"-1\">All news<\/a><\/li>\n<li class=\"menu-item menu-item-type-post_type menu-item-object-page menu-item-282257\"><a href=\"https:\/\/adnjtv.com\/en\/account\/dashboard-see\/\" class=\"elementor-item\" tabindex=\"-1\">Already seen<\/a><\/li>\n<li class=\"menu-item menu-item-type-post_type menu-item-object-page menu-item-282350\"><a href=\"https:\/\/adnjtv.com\/en\/account\/dashboard-favorite\/\" class=\"elementor-item\" tabindex=\"-1\">My favorites list<\/a><\/li>\n<li class=\"menu-item menu-item-type-post_type menu-item-object-page menu-item-261894\"><a href=\"https:\/\/adnjtv.com\/en\/account\/dashboard-speakers\/\" class=\"elementor-item\" tabindex=\"-1\">My speakers<\/a><\/li>\n<li class=\"menu-item menu-item-type-post_type menu-item-object-page menu-item-261893\"><a href=\"https:\/\/adnjtv.com\/en\/account\/dashboard-personal\/\" class=\"elementor-item\" tabindex=\"-1\">My personal information<\/a><\/li>\n<\/ul>\t\t\t<\/nav>\n\t\t\t\t\t\t<\/div>\n\t\t\t\t<\/div>\n\t\t\t\t<\/div>\n\t\t\t\t<\/div>\n\t\t\t\t<\/div>\n\t\t\t\t\t\t<\/div>\n\t\t\t\t<\/div>\n\t\t\t\t<\/div>\n\t\t<div class=\"elementor-element elementor-element-3b04083f e-flex e-con-boxed e-con e-child\" data-id=\"3b04083f\" data-element_type=\"container\" data-e-type=\"container\" data-settings=\"{&quot;jet_parallax_layout_list&quot;:[]}\">\n\t\t\t\t\t<div class=\"e-con-inner\">\n\t\t\t\t<div class=\"elementor-element elementor-element-3561fc08 elementor-widget elementor-widget-heading\" data-id=\"3561fc08\" data-element_type=\"widget\" data-e-type=\"widget\" data-widget_type=\"heading.default\">\n\t\t\t\t<div class=\"elementor-widget-container\">\n\t\t\t\t\t<h2 class=\"elementor-heading-title elementor-size-default\">All new videos<\/h2>\t\t\t\t<\/div>\n\t\t\t\t<\/div>\n\t\t\t\t<div class=\"elementor-element elementor-element-5c130318 elementor-widget-divider--view-line elementor-widget elementor-widget-divider\" data-id=\"5c130318\" data-element_type=\"widget\" data-e-type=\"widget\" data-widget_type=\"divider.default\">\n\t\t\t\t<div class=\"elementor-widget-container\">\n\t\t\t\t\t\t\t<div class=\"elementor-divider\">\n\t\t\t<span class=\"elementor-divider-separator\">\n\t\t\t\t\t\t<\/span>\n\t\t<\/div>\n\t\t\t\t\t\t<\/div>\n\t\t\t\t<\/div>\n\t\t\t\t<div class=\"elementor-element elementor-element-6ad5a883 elementor-widget elementor-widget-jet-listing-grid\" data-id=\"6ad5a883\" data-element_type=\"widget\" data-e-type=\"widget\" data-settings=\"{&quot;columns&quot;:&quot;4&quot;,&quot;columns_widescreen&quot;:&quot;5&quot;,&quot;columns_tablet&quot;:&quot;2&quot;,&quot;columns_mobile&quot;:&quot;2&quot;}\" data-widget_type=\"jet-listing-grid.default\">\n\t\t\t\t<div class=\"elementor-widget-container\">\n\t\t\t\t\t<div class=\"jet-listing-grid jet-listing\"><div class=\"jet-listing-not-found jet-listing-grid__items\" data-nav=\"{&quot;enabled&quot;:true,&quot;type&quot;:&quot;scroll&quot;,&quot;more_el&quot;:null,&quot;query&quot;:{&quot;post_status&quot;:[&quot;publish&quot;],&quot;post_type&quot;:&quot;video&quot;,&quot;posts_per_page&quot;:&quot;30&quot;,&quot;paged&quot;:&quot;1&quot;,&quot;ignore_sticky_posts&quot;:&quot;1&quot;,&quot;date_query&quot;:[{&quot;column&quot;:&quot;post_date&quot;,&quot;after&quot;:&quot;2026-04-07&quot;,&quot;before&quot;:&quot;&quot;}],&quot;suppress_filters&quot;:false,&quot;jet_smart_filters&quot;:&quot;jet-engine\\\/default&quot;,&quot;signature&quot;:&quot;6806d27265ade151265cb1194fddc78cca6545cbd2eba32e0db8ddca05c8d8ae&quot;},&quot;widget_settings&quot;:{&quot;lisitng_id&quot;:166142,&quot;posts_num&quot;:30,&quot;columns&quot;:4,&quot;columns_tablet&quot;:2,&quot;columns_mobile&quot;:2,&quot;column_min_width&quot;:240,&quot;column_min_width_tablet&quot;:240,&quot;column_min_width_mobile&quot;:240,&quot;inline_columns_css&quot;:false,&quot;is_archive_template&quot;:&quot;&quot;,&quot;post_status&quot;:[&quot;publish&quot;],&quot;use_random_posts_num&quot;:&quot;&quot;,&quot;max_posts_num&quot;:9,&quot;not_found_message&quot;:&quot;No new videos for the moment&quot;,&quot;is_masonry&quot;:false,&quot;equal_columns_height&quot;:&quot;&quot;,&quot;use_load_more&quot;:&quot;yes&quot;,&quot;load_more_id&quot;:&quot;&quot;,&quot;load_more_type&quot;:&quot;scroll&quot;,&quot;load_more_offset&quot;:{&quot;unit&quot;:&quot;px&quot;,&quot;size&quot;:0,&quot;sizes&quot;:[]},&quot;use_custom_post_types&quot;:&quot;&quot;,&quot;custom_post_types&quot;:[],&quot;hide_widget_if&quot;:&quot;&quot;,&quot;carousel_enabled&quot;:&quot;&quot;,&quot;slides_to_scroll&quot;:&quot;1&quot;,&quot;arrows&quot;:&quot;true&quot;,&quot;arrow_icon&quot;:&quot;fa fa-angle-left&quot;,&quot;dots&quot;:&quot;&quot;,&quot;autoplay&quot;:&quot;true&quot;,&quot;pause_on_hover&quot;:&quot;true&quot;,&quot;autoplay_speed&quot;:5000,&quot;infinite&quot;:&quot;true&quot;,&quot;center_mode&quot;:&quot;&quot;,&quot;effect&quot;:&quot;slide&quot;,&quot;speed&quot;:500,&quot;inject_alternative_items&quot;:&quot;&quot;,&quot;injection_items&quot;:[],&quot;scroll_slider_enabled&quot;:&quot;&quot;,&quot;scroll_slider_on&quot;:[&quot;desktop&quot;,&quot;tablet&quot;,&quot;mobile&quot;],&quot;custom_query&quot;:false,&quot;custom_query_id&quot;:&quot;&quot;,&quot;_element_id&quot;:&quot;&quot;,&quot;collapse_first_last_gap&quot;:false,&quot;list_tag_selection&quot;:&quot;&quot;,&quot;list_items_wrapper_tag&quot;:&quot;div&quot;,&quot;list_item_tag&quot;:&quot;div&quot;,&quot;empty_items_wrapper_tag&quot;:&quot;div&quot;}}\" data-listing-source=\"posts\" data-listing-id=\"166142\" data-query-id=\"\" data-queried-id=\"261886|WP_Post\">No new videos for the moment<\/div><\/div>\t\t\t\t<\/div>\n\t\t\t\t<\/div>\n\t\t\t\t\t<\/div>\n\t\t\t\t<\/div>\n\t\t\t\t\t<\/div>\n\t\t\t\t<\/div>\n\t\t\t\t<\/div>\n\t\t","protected":false},"excerpt":{"rendered":"<p>All new videos Nouveaut\u00e9 Nouveaut\u00e9 Chargement des nouvelles vid\u00e9os<\/p>\n","protected":false},"author":52,"featured_media":0,"parent":261853,"menu_order":0,"comment_status":"closed","ping_status":"closed","template":"","meta":{"footnotes":""},"class_list":["post-261886","page","type-page","status-publish","hentry"],"acf":[],"_links":{"self":[{"href":"https:\/\/adnjtv.com\/en\/wp-json\/wp\/v2\/pages\/261886","targetHints":{"allow":["GET"]}}],"collection":[{"href":"https:\/\/adnjtv.com\/en\/wp-json\/wp\/v2\/pages"}],"about":[{"href":"https:\/\/adnjtv.com\/en\/wp-json\/wp\/v2\/types\/page"}],"author":[{"embeddable":true,"href":"https:\/\/adnjtv.com\/en\/wp-json\/wp\/v2\/users\/52"}],"replies":[{"embeddable":true,"href":"https:\/\/adnjtv.com\/en\/wp-json\/wp\/v2\/comments?post=261886"}],"version-history":[{"count":3,"href":"https:\/\/adnjtv.com\/en\/wp-json\/wp\/v2\/pages\/261886\/revisions"}],"predecessor-version":[{"id":282819,"href":"https:\/\/adnjtv.com\/en\/wp-json\/wp\/v2\/pages\/261886\/revisions\/282819"}],"up":[{"embeddable":true,"href":"https:\/\/adnjtv.com\/en\/wp-json\/wp\/v2\/pages\/261853"}],"wp:attachment":[{"href":"https:\/\/adnjtv.com\/en\/wp-json\/wp\/v2\/media?parent=261886"}],"curies":[{"name":"wp","href":"https:\/\/api.w.org\/{rel}","templated":true}]}}